{"id":85,"date":"2020-07-09T09:53:13","date_gmt":"2020-07-09T07:53:13","guid":{"rendered":"http:\/\/postsvtraunstein.de\/?page_id=85"},"modified":"2024-04-16T11:35:12","modified_gmt":"2024-04-16T09:35:12","slug":"datenschutz","status":"publish","type":"page","link":"https:\/\/postsvtraunstein.de\/?page_id=85","title":{"rendered":"Datenschutz"},"content":{"rendered":"<h1 style=\"text-align: center;\">Datenschutz<\/h1>\n<article>\n<h5>\u00a0Der [Postsportverein Traunstein e.V. (im Folgenden Post SV ) nimmt als Anbieter der WebSite Homepage Post SV und verantwortliche Stelle die Verpflichtung zum Datenschutz sehr ernst und gestaltet seine WebSite so, dass nur so wenige personenbezogene Daten wie n\u00f6tig erhoben, verarbeitet und genutzt werden. Unter keinen Umst\u00e4nden werden personenbezogene Daten zu Werbezwecken an Dritte vermietet oder verkauft. Ohne die ausdr\u00fcckliche Einwilligung des Besuchers werden keine personenbezogenen Daten f\u00fcr Werbe- oder Marketingzwecke genutzt. Zugriff auf personenbezogene Daten haben beim Post SV nur solche Personen, die diese Daten zur Durchf\u00fchrung ihrer Aufgaben innerhalb der verantwortlichen Stelle ben\u00f6tigen, die \u00fcber die gesetzlichen Bestimmungen zum Datenschutz informiert sind und sich gem\u00e4\u00df der geltenden gesetzlichen Bestimmungen (\u00a7 5 Bundesdatenschutzgesetzes [BDSG], bzw. Art. 5 der EU-Datenschutzgrundverordnung [EU-DSGVO]) verpflichtet haben, diese einzuhalten. Die Erhebung, Verarbeitung, Nutzung und \u00dcbermittlung der erhobenen personenbezogenen Daten erfolgt nach \u00a7 28 Abs. 1 und Abs. 3 BDSG, bzw., ab dem 25.05.2018, Art. 6. Abs. 1 EU-DSGVO, jeweils nur in dem Umfang, der f\u00fcr die Durchf\u00fchrung eines Vertragsverh\u00e4ltnisses zwischen dem Post SV, als verantwortlicher Stelle, und dem Besucher, als Betroffenem, erforderlich ist.<br \/>Zweck\u00e4nderungen der Verarbeitung und Datennutzung<br \/>Da sich auf Grund des technischen Fortschritts und organisatorischer \u00c4nderungen der eingesetzten Verarbeitungsverfahren \u00e4ndern\/weiterentwickeln k\u00f6nnen behalten wir uns vor, die vorliegende Datenschutzerkl\u00e4rung gem\u00e4\u00df den neuen technischen Rahmenbedingungen weiterzuentwickeln. Wir bitten Sie deshalb die Datenschutzerkl\u00e4rung von Post SV Homepage von Zeit zu Zeit zu \u00fcberpr\u00fcfen. Sollten Sie mit den im Verlaufe der Zeit auftretenden Weiterentwicklungen nicht einverstanden sein, so k\u00f6nnen Sie schriftlich, gem\u00e4\u00df Art. 17 EU-DSGVO, eine L\u00f6schung der Daten, die nicht auf Grundlage anderer gesetzlicher Vorgaben, wie handelsrechtlicher oder steuerrechtlicher Aufbewahrungspflichten, gespeichert werden, verlangen.<br \/>Anonyme Datenerhebung<br \/>Sie k\u00f6nnen die Webseiten der verantwortlichen Stelle grunds\u00e4tzlich besuchen, ohne uns mitzuteilen, wer Sie sind. Wir erfahren nur den Namen Ihres Internet Service Providers, die Webseite, von der aus Sie uns besuchen, und die Webseiten, die Sie bei uns besuchen. Diese Informationen werden zu statistischen Zwecken ausgewertet. Sie bleiben als einzelner Nutzer hierbei anonym.<br \/>Erhebung und Verarbeitung personenbezogener Daten<br \/>Personenbezogene Daten werden nur erhoben, wenn Sie uns diese von sich aus, zum Beispiel zum Zwecke der Durchf\u00fchrung eines Vertragsverh\u00e4ltnisses zwischen dem Post SV, als verantwortlicher Stelle, und dem Besucher, als Betroffenem, mitteilen. Die verantwortliche Stelle h\u00e4lt sich dabei an die Vorgaben der Art. 5 und 6 EU-DSGVO. Im Rahmen der personalisierten Dienste der verantwortlichen Stelle werden Ihre Registrierungsdaten unter der Voraussetzung Ihrer Einwilligung zum Zwecke der Zusendung unseres Newsletters, bzw. zur bedarfsgerechten Gestaltung der angebotenen elektronischen Dienste verarbeitet. Sie haben jederzeit die M\u00f6glichkeit, der Speicherung ihrer personenbezogenen Daten zu widersprechen. Bitte senden Sie dazu eine E-Mail an werner.Fertl@t-online.de mit dem Betreff \u201eDatenbest\u00e4nde austragen\u201c. Die Verarbeitung und Nutzung Ihrer personenbezogenen Daten erfolgt nach den Vorgaben des BDSG bzw., ab 25.05.2018, der EU-DSGVO.<br \/>Export und Verarbeitung der Daten in Staaten au\u00dferhalb des Europ\u00e4ischen Wirtschaftsraumes<br \/>Es findet kein Export ihrer personenbezogenen Daten in Staaten au\u00dferhalb des Europ\u00e4ischen Wirtschaftsraumes (im Folgenden EWR) statt. Trotzdem k\u00f6nnen, soweit Sie sich in Facebook eingeloggt haben oder einen Twitter-Account oder ein Instagram-Account besitzen, personenbezogene Daten in die USA exportiert werden. Zu n\u00e4heren Erl\u00e4uterungen und zu M\u00f6glichkeiten diesen Datenexport zu verhindern lesen Sie bitte den Gliederungspunkt \u201eVerwendung von Facebook Social Plugins\u201c, bzw. \u201eVerwendung von Twitter\u201c, bzw. \u201eVerwendung von Instagram Social Plugins\u201c der vorliegenden Datenschutzerkl\u00e4rung. Eine \u00dcbermittlung von personenbezogenen Daten an Google im Rahmen der Nutzung von Analyseprogrammen durch die verantwortliche Stelle findet hingegen nicht statt, da Ihre IP-Adresse nur anonymisiert \u00fcbermittelt wird. Lesen Sie dazu bitte den Punkt \u201eVerwendung von Analyseprogrammen\u201c der vorliegenden Datenschutzerkl\u00e4rung. Soweit Sie sich bei Google eingeloggt haben oder Youtube-Account besitzen, k\u00f6nnen personenbezogene Daten in die USA exportiert werden. Zu n\u00e4heren Erl\u00e4uterungen und zu M\u00f6glichkeiten diesen Datenexport zu verhindern beachten Sie bitte den Gliederungspunkt \u201eVerwendung von YouTube-Plugins\u201c. Die von der verantwortlichen Stelle eingeschalteten Dienstleister haben ihren Sitz und betreiben ihre IT-Infrastruktur ausschlie\u00dflich innerhalb des EWR. Dies gilt auch f\u00fcr eine eventuelle Nutzung von Cloud-basierenden Diensten. Mit den Dienstleistern bestehen Vertr\u00e4ge die die Datenschutz- und Datensicherheits-Vorgaben der Europ\u00e4ischen Datenschutzrichtlinie (95\/46\/EG) und des deutschen Datenschutzrechts, bzw., ab dem 25.05.2018, der EU-DSGVO entsprechen. Auch im Falle der Einschaltung von externen Dienstleistern bleibt der Post SV die f\u00fcr die Verarbeitung verantwortliche Stelle.<br \/>Nutzung und Weitergabe personenbezogener Daten Die im Rahmen der Webseiten der verantwortlichen Stelle erhobenen personenbezogenen Daten werden ohne Ihre Einwilligung nur zur Vertragsabwicklung und Bearbeitung Ihrer Anfragen genutzt. Dar\u00fcber hinaus erfolgt eine Nutzung Ihrer Daten f\u00fcr Zwecke der Werbung und Marktforschung der verantwortlichen Stelle nur, wenn Sie hierzu zuvor Ihre Einwilligung erteilt haben. Im \u00dcbrigen findet keine Weitergabe an sonstige Dritte statt. Ihre jeweilige Einwilligung k\u00f6nnen Sie selbstverst\u00e4ndlich jederzeit mit Wirkung f\u00fcr die Zukunft widerrufen.<br \/>Externe Links<br \/>Zu Ihrer Information finden Sie auf unseren Seiten Links, die auf Seiten Dritter verweisen. Soweit dies nicht offensichtlich erkennbar ist, weisen wir Sie darauf hin, dass es sich um einen externen Link handelt. Die verantwortliche Stelle hat keinerlei Einfluss auf den Inhalt und die Gestaltung dieser Seiten anderer Anbieter. Die Garantien dieser Datenschutzerkl\u00e4rung gelten daher f\u00fcr externe Anbieter nicht.<\/h5>\n<\/article>\n","protected":false},"excerpt":{"rendered":"<p>Datenschutz \u00a0Der [Postsportverein Traunstein e.V. (im Folgenden Post SV ) nimmt als Anbieter der WebSite Homepage Post SV und verantwortliche Stelle die Verpflichtung zum Datenschutz sehr ernst und gestaltet seine WebSite so, dass nur so wenige personenbezogene Daten wie n\u00f6tig erhoben, verarbeitet und genutzt werden. Unter keinen Umst\u00e4nden werden personenbezogene Daten zu Werbezwecken an Dritte [&hellip;]<\/p>\n","protected":false},"author":1,"featured_media":0,"parent":0,"menu_order":0,"comment_status":"closed","ping_status":"closed","template":"","meta":{"ocean_post_layout":"full-screen","ocean_both_sidebars_style":"","ocean_both_sidebars_content_width":0,"ocean_both_sidebars_sidebars_width":0,"ocean_sidebar":"0","ocean_second_sidebar":"0","ocean_disable_margins":"enable","ocean_add_body_class":"","ocean_shortcode_before_top_bar":"","ocean_shortcode_after_top_bar":"","ocean_shortcode_before_header":"","ocean_shortcode_after_header":"","ocean_has_shortcode":"","ocean_shortcode_after_title":"","ocean_shortcode_before_footer_widgets":"","ocean_shortcode_after_footer_widgets":"","ocean_shortcode_before_footer_bottom":"","ocean_shortcode_after_footer_bottom":"","ocean_display_top_bar":"off","ocean_display_header":"default","ocean_header_style":"","ocean_center_header_left_menu":"0","ocean_custom_header_template":"0","ocean_custom_logo":0,"ocean_custom_retina_logo":0,"ocean_custom_logo_max_width":0,"ocean_custom_logo_tablet_max_width":0,"ocean_custom_logo_mobile_max_width":0,"ocean_custom_logo_max_height":0,"ocean_custom_logo_tablet_max_height":0,"ocean_custom_logo_mobile_max_height":0,"ocean_header_custom_menu":"0","ocean_menu_typo_font_family":"0","ocean_menu_typo_font_subset":"","ocean_menu_typo_font_size":0,"ocean_menu_typo_font_size_tablet":0,"ocean_menu_typo_font_size_mobile":0,"ocean_menu_typo_font_size_unit":"px","ocean_menu_typo_font_weight":"","ocean_menu_typo_font_weight_tablet":"","ocean_menu_typo_font_weight_mobile":"","ocean_menu_typo_transform":"","ocean_menu_typo_transform_tablet":"","ocean_menu_typo_transform_mobile":"","ocean_menu_typo_line_height":0,"ocean_menu_typo_line_height_tablet":0,"ocean_menu_typo_line_height_mobile":0,"ocean_menu_typo_line_height_unit":"","ocean_menu_typo_spacing":0,"ocean_menu_typo_spacing_tablet":0,"ocean_menu_typo_spacing_mobile":0,"ocean_menu_typo_spacing_unit":"","ocean_menu_link_color":"","ocean_menu_link_color_hover":"","ocean_menu_link_color_active":"","ocean_menu_link_background":"","ocean_menu_link_hover_background":"","ocean_menu_link_active_background":"","ocean_menu_social_links_bg":"","ocean_menu_social_hover_links_bg":"","ocean_menu_social_links_color":"","ocean_menu_social_hover_links_color":"","ocean_disable_title":"on","ocean_disable_heading":"default","ocean_post_title":"","ocean_post_subheading":"","ocean_post_title_style":"","ocean_post_title_background_color":"","ocean_post_title_background":0,"ocean_post_title_bg_image_position":"","ocean_post_title_bg_image_attachment":"","ocean_post_title_bg_image_repeat":"","ocean_post_title_bg_image_size":"","ocean_post_title_height":0,"ocean_post_title_bg_overlay":0.5,"ocean_post_title_bg_overlay_color":"","ocean_disable_breadcrumbs":"default","ocean_breadcrumbs_color":"","ocean_breadcrumbs_separator_color":"","ocean_breadcrumbs_links_color":"","ocean_breadcrumbs_links_hover_color":"","ocean_display_footer_widgets":"default","ocean_display_footer_bottom":"default","ocean_custom_footer_template":"0","footnotes":""},"class_list":["post-85","page","type-page","status-publish","hentry","entry"],"_links":{"self":[{"href":"https:\/\/postsvtraunstein.de\/index.php?rest_route=\/wp\/v2\/pages\/85","targetHints":{"allow":["GET"]}}],"collection":[{"href":"https:\/\/postsvtraunstein.de\/index.php?rest_route=\/wp\/v2\/pages"}],"about":[{"href":"https:\/\/postsvtraunstein.de\/index.php?rest_route=\/wp\/v2\/types\/page"}],"author":[{"embeddable":true,"href":"https:\/\/postsvtraunstein.de\/index.php?rest_route=\/wp\/v2\/users\/1"}],"replies":[{"embeddable":true,"href":"https:\/\/postsvtraunstein.de\/index.php?rest_route=%2Fwp%2Fv2%2Fcomments&post=85"}],"version-history":[{"count":10,"href":"https:\/\/postsvtraunstein.de\/index.php?rest_route=\/wp\/v2\/pages\/85\/revisions"}],"predecessor-version":[{"id":3606,"href":"https:\/\/postsvtraunstein.de\/index.php?rest_route=\/wp\/v2\/pages\/85\/revisions\/3606"}],"wp:attachment":[{"href":"https:\/\/postsvtraunstein.de\/index.php?rest_route=%2Fwp%2Fv2%2Fmedia&parent=85"}],"curies":[{"name":"wp","href":"https:\/\/api.w.org\/{rel}","templated":true}]}}